{"id":1259,"date":"2021-05-18T17:15:27","date_gmt":"2021-05-18T15:15:27","guid":{"rendered":"http:\/\/lebombecul.com\/?page_id=1259"},"modified":"2026-03-18T18:45:04","modified_gmt":"2026-03-18T17:45:04","slug":"accueil","status":"publish","type":"page","link":"https:\/\/lebombecul.com\/","title":{"rendered":"Accueil"},"content":{"rendered":"\t\t<div data-elementor-type=\"wp-page\" data-elementor-id=\"1259\" class=\"elementor elementor-1259\" data-elementor-settings=\"[]\">\n\t\t\t\t\t\t<div class=\"elementor-inner\">\n\t\t\t\t\t\t\t<div class=\"elementor-section-wrap\">\n\t\t\t\t\t\t\t<section class=\"elementor-section elementor-top-section elementor-element elementor-element-0d97501 elementor-section-boxed elementor-section-height-default elementor-section-height-default\" data-id=\"0d97501\" data-element_type=\"section\">\n\t\t\t\t\t\t<div class=\"elementor-container elementor-column-gap-default\">\n\t\t\t\t\t\t\t<div class=\"elementor-row\">\n\t\t\t\t\t<div class=\"elementor-column elementor-col-100 elementor-top-column elementor-element elementor-element-873113a\" data-id=\"873113a\" data-element_type=\"column\">\n\t\t\t<div class=\"elementor-column-wrap elementor-element-populated\">\n\t\t\t\t\t\t\t<div class=\"elementor-widget-wrap\">\n\t\t\t\t\t\t<div class=\"elementor-element elementor-element-8be91b5 elementor-invisible elementor-widget elementor-widget-text-editor\" data-id=\"8be91b5\" data-element_type=\"widget\" data-settings=\"{&quot;_animation&quot;:&quot;none&quot;}\" data-widget_type=\"text-editor.default\">\n\t\t\t\t<div class=\"elementor-widget-container\">\n\t\t\t\t\t<div class=\"elementor-text-editor elementor-clearfix\"><h3 style=\"text-align: center;\">LE BOMBECUL<br \/>05 53 71 11 76<\/h3><\/div>\n\t\t\t\t<\/div>\n\t\t\t\t<\/div>\n\t\t\t\t\t\t<\/div>\n\t\t\t\t\t<\/div>\n\t\t<\/div>\n\t\t\t\t\t\t\t\t<\/div>\n\t\t\t\t\t<\/div>\n\t\t<\/section>\n\t\t\t\t<section class=\"elementor-section elementor-top-section elementor-element elementor-element-8a2c0ec elementor-section-boxed elementor-section-height-default elementor-section-height-default\" data-id=\"8a2c0ec\" data-element_type=\"section\">\n\t\t\t\t\t\t<div class=\"elementor-container elementor-column-gap-default\">\n\t\t\t\t\t\t\t<div class=\"elementor-row\">\n\t\t\t\t\t<div class=\"elementor-column elementor-col-100 elementor-top-column elementor-element elementor-element-107112f\" data-id=\"107112f\" data-element_type=\"column\">\n\t\t\t<div class=\"elementor-column-wrap elementor-element-populated\">\n\t\t\t\t\t\t\t<div class=\"elementor-widget-wrap\">\n\t\t\t\t\t\t<div class=\"elementor-element elementor-element-e2fcf82 elementor-invisible elementor-widget elementor-widget-text-editor\" data-id=\"e2fcf82\" data-element_type=\"widget\" data-settings=\"{&quot;_animation&quot;:&quot;none&quot;,&quot;_animation_delay&quot;:100}\" data-widget_type=\"text-editor.default\">\n\t\t\t\t<div class=\"elementor-widget-container\">\n\t\t\t\t\t<div class=\"elementor-text-editor elementor-clearfix\"><h2 style=\"text-align: center;\"><span style=\"animation: flash 1s infinite; @keyframes flash { 0% { opacity: 1; } 50% { opacity: 0; } 100% { opacity: 1;\">R\u00c9OUVERTURE<\/span><br><span style=\"color: #ff6600;\">LE VENDREDI 3 AVRIL AU SOIR<\/span><\/span><\/h2><\/div>\n\t\t\t\t<\/div>\n\t\t\t\t<\/div>\n\t\t\t\t\t\t<\/div>\n\t\t\t\t\t<\/div>\n\t\t<\/div>\n\t\t\t\t\t\t\t\t<\/div>\n\t\t\t\t\t<\/div>\n\t\t<\/section>\n\t\t\t\t<section class=\"elementor-section elementor-top-section elementor-element elementor-element-56bee53 elementor-section-boxed elementor-section-height-default elementor-section-height-default\" data-id=\"56bee53\" data-element_type=\"section\">\n\t\t\t\t\t\t<div class=\"elementor-container elementor-column-gap-default\">\n\t\t\t\t\t\t\t<div class=\"elementor-row\">\n\t\t\t\t\t<div class=\"elementor-column elementor-col-100 elementor-top-column elementor-element elementor-element-18ede50\" data-id=\"18ede50\" data-element_type=\"column\">\n\t\t\t<div class=\"elementor-column-wrap elementor-element-populated\">\n\t\t\t\t\t\t\t<div class=\"elementor-widget-wrap\">\n\t\t\t\t\t\t<div class=\"elementor-element elementor-element-1f866eb elementor-widget elementor-widget-image\" data-id=\"1f866eb\" data-element_type=\"widget\" data-widget_type=\"image.default\">\n\t\t\t\t<div class=\"elementor-widget-container\">\n\t\t\t\t\t<div class=\"elementor-image\">\n\t\t\t\t\t\t\t\t\t\t<img width=\"640\" height=\"425\" src=\"https:\/\/lebombecul.com\/wp-content\/uploads\/2021\/05\/TERRASSE.jpg\" class=\"attachment-large size-large\" alt=\"\" loading=\"lazy\" srcset=\"https:\/\/lebombecul.com\/wp-content\/uploads\/2021\/05\/TERRASSE.jpg 1024w, https:\/\/lebombecul.com\/wp-content\/uploads\/2021\/05\/TERRASSE-300x199.jpg 300w, https:\/\/lebombecul.com\/wp-content\/uploads\/2021\/05\/TERRASSE-768x510.jpg 768w\" sizes=\"(max-width: 640px) 100vw, 640px\" \/>\t\t\t\t\t\t\t\t\t\t\t<\/div>\n\t\t\t\t<\/div>\n\t\t\t\t<\/div>\n\t\t\t\t\t\t<\/div>\n\t\t\t\t\t<\/div>\n\t\t<\/div>\n\t\t\t\t\t\t\t\t<\/div>\n\t\t\t\t\t<\/div>\n\t\t<\/section>\n\t\t\t\t<section class=\"elementor-section elementor-top-section elementor-element elementor-element-3eae522 elementor-section-boxed elementor-section-height-default elementor-section-height-default\" data-id=\"3eae522\" data-element_type=\"section\">\n\t\t\t\t\t\t<div class=\"elementor-container elementor-column-gap-default\">\n\t\t\t\t\t\t\t<div class=\"elementor-row\">\n\t\t\t\t\t<div class=\"elementor-column elementor-col-100 elementor-top-column elementor-element elementor-element-5c61038\" data-id=\"5c61038\" data-element_type=\"column\">\n\t\t\t<div class=\"elementor-column-wrap elementor-element-populated\">\n\t\t\t\t\t\t\t<div class=\"elementor-widget-wrap\">\n\t\t\t\t\t\t<div class=\"elementor-element elementor-element-c1ac2d5 elementor-widget elementor-widget-text-editor\" data-id=\"c1ac2d5\" data-element_type=\"widget\" data-widget_type=\"text-editor.default\">\n\t\t\t\t<div class=\"elementor-widget-container\">\n\t\t\t\t\t<div class=\"elementor-text-editor elementor-clearfix\"><h3 style=\"text-align: center;\">L&rsquo;aventure continue,\nla formule \u00e9volue, l&rsquo;esprit demeure&#8230;<\/h3>\n<p style=\"font-size: 1.4em;\">Notre cher Sacha, chef et co-fondateur du Bombecul, nous a quitt\u00e9 en 2026.\nNous avons d\u00e9cid\u00e9 de poursuivre l&rsquo;aventure et ainsi perp\u00e9tuer son oeuvre et sa cuisine g\u00e9n\u00e9reuse, et continuer \u00e0 faire vivre ce lieu embl\u00e9matique du bon-vivre pennois.<\/p><\/div>\n\t\t\t\t<\/div>\n\t\t\t\t<\/div>\n\t\t\t\t\t\t<\/div>\n\t\t\t\t\t<\/div>\n\t\t<\/div>\n\t\t\t\t\t\t\t\t<\/div>\n\t\t\t\t\t<\/div>\n\t\t<\/section>\n\t\t\t\t<section class=\"elementor-section elementor-top-section elementor-element elementor-element-07bbaa4 elementor-section-boxed elementor-section-height-default elementor-section-height-default\" data-id=\"07bbaa4\" data-element_type=\"section\">\n\t\t\t\t\t\t<div class=\"elementor-container elementor-column-gap-default\">\n\t\t\t\t\t\t\t<div class=\"elementor-row\">\n\t\t\t\t\t<div class=\"elementor-column elementor-col-33 elementor-top-column elementor-element elementor-element-1b4bd62\" data-id=\"1b4bd62\" data-element_type=\"column\">\n\t\t\t<div class=\"elementor-column-wrap elementor-element-populated\">\n\t\t\t\t\t\t\t<div class=\"elementor-widget-wrap\">\n\t\t\t\t\t\t<div class=\"elementor-element elementor-element-fbfc7d6 elementor-button-success boutons elementor-align-center elementor-widget elementor-widget-button\" data-id=\"fbfc7d6\" data-element_type=\"widget\" data-widget_type=\"button.default\">\n\t\t\t\t<div class=\"elementor-widget-container\">\n\t\t\t\t\t<div class=\"elementor-button-wrapper\">\n\t\t\t<a href=\"https:\/\/lebombecul.com\/index.php\/notre-carte\/\" class=\"elementor-button-link elementor-button elementor-size-xl\" role=\"button\">\n\t\t\t\t\t\t<span class=\"elementor-button-content-wrapper\">\n\t\t\t\t\t\t<span class=\"elementor-button-text\">NOTRE CARTE<\/span>\n\t\t<\/span>\n\t\t\t\t\t<\/a>\n\t\t<\/div>\n\t\t\t\t<\/div>\n\t\t\t\t<\/div>\n\t\t\t\t\t\t<\/div>\n\t\t\t\t\t<\/div>\n\t\t<\/div>\n\t\t\t\t<div class=\"elementor-column elementor-col-33 elementor-top-column elementor-element elementor-element-ef2bc50\" data-id=\"ef2bc50\" data-element_type=\"column\">\n\t\t\t<div class=\"elementor-column-wrap elementor-element-populated\">\n\t\t\t\t\t\t\t<div class=\"elementor-widget-wrap\">\n\t\t\t\t\t\t<div class=\"elementor-element elementor-element-ebcb35a elementor-button-success boutons elementor-align-center elementor-widget elementor-widget-button\" data-id=\"ebcb35a\" data-element_type=\"widget\" data-widget_type=\"button.default\">\n\t\t\t\t<div class=\"elementor-widget-container\">\n\t\t\t\t\t<div class=\"elementor-button-wrapper\">\n\t\t\t<a href=\"https:\/\/lebombecul.com\/index.php\/producteurs\/\" class=\"elementor-button-link elementor-button elementor-size-xl\" role=\"button\">\n\t\t\t\t\t\t<span class=\"elementor-button-content-wrapper\">\n\t\t\t\t\t\t<span class=\"elementor-button-text\">NOS PRODUITS<\/span>\n\t\t<\/span>\n\t\t\t\t\t<\/a>\n\t\t<\/div>\n\t\t\t\t<\/div>\n\t\t\t\t<\/div>\n\t\t\t\t\t\t<\/div>\n\t\t\t\t\t<\/div>\n\t\t<\/div>\n\t\t\t\t<div class=\"elementor-column elementor-col-33 elementor-top-column elementor-element elementor-element-376f93d\" data-id=\"376f93d\" data-element_type=\"column\">\n\t\t\t<div class=\"elementor-column-wrap elementor-element-populated\">\n\t\t\t\t\t\t\t<div class=\"elementor-widget-wrap\">\n\t\t\t\t\t\t<div class=\"elementor-element elementor-element-d16fc27 elementor-button-success boutons elementor-align-center elementor-widget elementor-widget-button\" data-id=\"d16fc27\" data-element_type=\"widget\" data-widget_type=\"button.default\">\n\t\t\t\t<div class=\"elementor-widget-container\">\n\t\t\t\t\t<div class=\"elementor-button-wrapper\">\n\t\t\t<a href=\"https:\/\/lebombecul.com\/index.php\/restaurant\/\" class=\"elementor-button-link elementor-button elementor-size-xl\" role=\"button\">\n\t\t\t\t\t\t<span class=\"elementor-button-content-wrapper\">\n\t\t\t\t\t\t<span class=\"elementor-button-text\">LE RESTAURANT<\/span>\n\t\t<\/span>\n\t\t\t\t\t<\/a>\n\t\t<\/div>\n\t\t\t\t<\/div>\n\t\t\t\t<\/div>\n\t\t\t\t\t\t<\/div>\n\t\t\t\t\t<\/div>\n\t\t<\/div>\n\t\t\t\t\t\t\t\t<\/div>\n\t\t\t\t\t<\/div>\n\t\t<\/section>\n\t\t\t\t\t\t<\/div>\n\t\t\t\t\t\t<\/div>\n\t\t\t\t\t<\/div>\n\t\t","protected":false},"excerpt":{"rendered":"<p>LE BOMBECUL05 53 71 11 76 R\u00c9OUVERTURELE VENDREDI 3 AVRIL AU SOIR L&rsquo;aventure continue, la formule \u00e9volue, l&rsquo;esprit demeure&#8230; Notre cher Sacha, chef et co-fondateur du Bombecul, nous a quitt\u00e9 en 2026. Nous avons d\u00e9cid\u00e9 de poursuivre l&rsquo;aventure et ainsi perp\u00e9tuer son oeuvre et sa cuisine g\u00e9n\u00e9reuse, et continuer \u00e0 faire vivre ce lieu embl\u00e9matique [&hellip;]<\/p>\n","protected":false},"author":1,"featured_media":0,"parent":0,"menu_order":0,"comment_status":"closed","ping_status":"closed","template":"","meta":{"_monsterinsights_skip_tracking":false,"_monsterinsights_sitenote_active":false,"_monsterinsights_sitenote_note":"","_monsterinsights_sitenote_category":0},"_links":{"self":[{"href":"https:\/\/lebombecul.com\/index.php\/wp-json\/wp\/v2\/pages\/1259"}],"collection":[{"href":"https:\/\/lebombecul.com\/index.php\/wp-json\/wp\/v2\/pages"}],"about":[{"href":"https:\/\/lebombecul.com\/index.php\/wp-json\/wp\/v2\/types\/page"}],"author":[{"embeddable":true,"href":"https:\/\/lebombecul.com\/index.php\/wp-json\/wp\/v2\/users\/1"}],"replies":[{"embeddable":true,"href":"https:\/\/lebombecul.com\/index.php\/wp-json\/wp\/v2\/comments?post=1259"}],"version-history":[{"count":431,"href":"https:\/\/lebombecul.com\/index.php\/wp-json\/wp\/v2\/pages\/1259\/revisions"}],"predecessor-version":[{"id":4651,"href":"https:\/\/lebombecul.com\/index.php\/wp-json\/wp\/v2\/pages\/1259\/revisions\/4651"}],"wp:attachment":[{"href":"https:\/\/lebombecul.com\/index.php\/wp-json\/wp\/v2\/media?parent=1259"}],"curies":[{"name":"wp","href":"https:\/\/api.w.org\/{rel}","templated":true}]}}