{"id":459,"date":"2019-04-06T17:15:18","date_gmt":"2019-04-06T15:15:18","guid":{"rendered":"http:\/\/lebombecul.com\/?page_id=459"},"modified":"2026-03-20T13:08:18","modified_gmt":"2026-03-20T12:08:18","slug":"producteurs","status":"publish","type":"page","link":"https:\/\/lebombecul.com\/index.php\/producteurs\/","title":{"rendered":"Nos Produits"},"content":{"rendered":"\t\t<div data-elementor-type=\"wp-post\" data-elementor-id=\"459\" class=\"elementor elementor-459\" data-elementor-settings=\"[]\">\n\t\t\t\t\t\t<div class=\"elementor-inner\">\n\t\t\t\t\t\t\t<div class=\"elementor-section-wrap\">\n\t\t\t\t\t\t\t<section class=\"elementor-section elementor-top-section elementor-element elementor-element-f06620a elementor-section-boxed elementor-section-height-default elementor-section-height-default\" data-id=\"f06620a\" data-element_type=\"section\">\n\t\t\t\t\t\t<div class=\"elementor-container elementor-column-gap-default\">\n\t\t\t\t\t\t\t<div class=\"elementor-row\">\n\t\t\t\t\t<div class=\"elementor-column elementor-col-100 elementor-top-column elementor-element elementor-element-99a708c\" data-id=\"99a708c\" data-element_type=\"column\">\n\t\t\t<div class=\"elementor-column-wrap elementor-element-populated\">\n\t\t\t\t\t\t\t<div class=\"elementor-widget-wrap\">\n\t\t\t\t\t\t<div class=\"elementor-element elementor-element-996be97 elementor-widget elementor-widget-text-editor\" data-id=\"996be97\" data-element_type=\"widget\" data-widget_type=\"text-editor.default\">\n\t\t\t\t<div class=\"elementor-widget-container\">\n\t\t\t\t\t<div class=\"elementor-text-editor elementor-clearfix\"><p>Nous avons \u00e0 coeur de travailler des produits frais, de saison, et de nous fournir aupr\u00e8s des agriculteurs et producteurs locaux.<\/p><\/div>\n\t\t\t\t<\/div>\n\t\t\t\t<\/div>\n\t\t\t\t\t\t<\/div>\n\t\t\t\t\t<\/div>\n\t\t<\/div>\n\t\t\t\t\t\t\t\t<\/div>\n\t\t\t\t\t<\/div>\n\t\t<\/section>\n\t\t\t\t<section class=\"elementor-section elementor-top-section elementor-element elementor-element-d8d62bf elementor-section-boxed elementor-section-height-default elementor-section-height-default\" data-id=\"d8d62bf\" data-element_type=\"section\">\n\t\t\t\t\t\t<div class=\"elementor-container elementor-column-gap-default\">\n\t\t\t\t\t\t\t<div class=\"elementor-row\">\n\t\t\t\t\t<div class=\"elementor-column elementor-col-100 elementor-top-column elementor-element elementor-element-8340c47\" data-id=\"8340c47\" data-element_type=\"column\">\n\t\t\t<div class=\"elementor-column-wrap elementor-element-populated\">\n\t\t\t\t\t\t\t<div class=\"elementor-widget-wrap\">\n\t\t\t\t\t\t<div class=\"elementor-element elementor-element-e17f284 elementor-widget elementor-widget-text-editor\" data-id=\"e17f284\" data-element_type=\"widget\" data-widget_type=\"text-editor.default\">\n\t\t\t\t<div class=\"elementor-widget-container\">\n\t\t\t\t\t<div class=\"elementor-text-editor elementor-clearfix\"><p><i class=\"fas fa-leaf picto-cercle\"><\/i><br><span style=\"color: #339966;\">Pour les herbes fra\u00eeches, le piment s\u00e9ch\u00e9 et quelques l\u00e9gumes de saison :<\/span><br>l\u2019exploitation agricole VERGER DE BECO, en agriculture biodynamique, de Pernelle et Guillaume, lieu dit Gibili, \u00e0 Saint Sylvestre sur Lot.<\/p><p><span style=\"color: #339966;\"><i class=\"fas fa-apple-alt picto-cercle\"><\/i><br>Pour les fruits et l\u00e9gumes de saison :<\/span><br>Sud Ouest bio, l\u2019organisation de producteurs du Lot-et-Garonne et des d\u00e9partements limitrophes.<\/p><p><span style=\"color: #339966;\"><i class=\"fas fa-piggy-bank picto-cercle\"><\/i><br>Pour le ch\u00e8vre bio et le porc bio :<\/span><br>la petite ferme Lou Cornal \u00e0 Saint-Pierre-de-Clairac.<\/p><p><span style=\"color: #339966;\"><i class=\"fas fa-egg picto-cercle\"><\/i><br>Pour les \u0153ufs bio :<\/span><br>Falentin Pascal, lieu dit Sartrou \u00e0 Penne-d\u2019Agenais.<\/p><p><span style=\"color: #339966;\"><i class=\"fas fa-cheese picto-cercle\"><\/i><br>Pour les fromages :<\/span><br>Fromagerie Baechler au Temple-sur-Lot, La ferme de Galat\u00e9e \u00e0 Gavaudun.<\/p><p><span style=\"color: #339966;\"><i class=\"fas fa-seedling picto-cercle\"><\/i><br>Pour le miel :<\/span><br>Nicolas Menaspa, apiculteur r\u00e9coltant \u00e0 Auradou.<\/p><p><span style=\"color: #339966;\"><i class=\"fas fa-fish picto-cercle\"><\/i><br>Pour le poisson :<\/span><br>la soci\u00e9t\u00e9 MERICQ \u00e0 Estillac.<\/p><p><span style=\"color: #339966;\"><i class=\"fas fa-drumstick-bite picto-cercle\"><\/i><br>Pour les viandes, toutes d\u2019origine fran\u00e7aise :<\/span><br>les \u00e9leveurs et bouchers de LA TABLE DE SOLANGE en Aveyron,<br>Mr Coste \u00e0 Anth\u00e9 pour le cochon (occasionnellement).<\/p><p><span style=\"color: #339966;\"><i class=\"fas fa-apple-alt picto-cercle\"><\/i><br>Pour les fraises :<\/span><br>Jean Philippe Bayol, \u00ab Belleferme \u00bb \u00e0 Bias.<\/p><p><span style=\"color: #339966;\"><i class=\"fas fa-bread-slice picto-cercle\"><\/i><br>Pour le pain bio servi avec le foie gras :<\/span><br>Les semeurs de pains \u00e0 Villeneuve-sur-Lot.<\/p><p><span style=\"color: #339966;\"><i class=\"fas fa-drumstick-bite picto-cercle\"><\/i><br>Pour l\u2019agneau :<\/span><br>ferme de Rigoul au Temple-sur-Lot.<\/p><\/div>\n\t\t\t\t<\/div>\n\t\t\t\t<\/div>\n\t\t\t\t\t\t<\/div>\n\t\t\t\t\t<\/div>\n\t\t<\/div>\n\t\t\t\t\t\t\t\t<\/div>\n\t\t\t\t\t<\/div>\n\t\t<\/section>\n\t\t\t\t<section class=\"elementor-section elementor-top-section elementor-element elementor-element-244fe6a elementor-section-boxed elementor-section-height-default elementor-section-height-default\" data-id=\"244fe6a\" data-element_type=\"section\">\n\t\t\t\t\t\t<div class=\"elementor-container elementor-column-gap-default\">\n\t\t\t\t\t\t\t<div class=\"elementor-row\">\n\t\t\t\t\t<div class=\"elementor-column elementor-col-100 elementor-top-column elementor-element elementor-element-11e358c\" data-id=\"11e358c\" data-element_type=\"column\">\n\t\t\t<div class=\"elementor-column-wrap elementor-element-populated\">\n\t\t\t\t\t\t\t<div class=\"elementor-widget-wrap\">\n\t\t\t\t\t\t<div class=\"elementor-element elementor-element-b8a96ca elementor-pagination-position-outside elementor-widget elementor-widget-image-carousel\" data-id=\"b8a96ca\" data-element_type=\"widget\" data-settings=\"{&quot;navigation&quot;:&quot;dots&quot;,&quot;pause_on_hover&quot;:&quot;no&quot;,&quot;autoplay_speed&quot;:500,&quot;speed&quot;:1000,&quot;autoplay&quot;:&quot;yes&quot;,&quot;pause_on_interaction&quot;:&quot;yes&quot;,&quot;infinite&quot;:&quot;yes&quot;}\" data-widget_type=\"image-carousel.default\">\n\t\t\t\t<div class=\"elementor-widget-container\">\n\t\t\t\t\t<div class=\"elementor-image-carousel-wrapper swiper-container\" dir=\"ltr\">\n\t\t\t<div class=\"elementor-image-carousel swiper-wrapper\">\n\t\t\t\t<div class=\"swiper-slide\"><figure class=\"swiper-slide-inner\"><img class=\"swiper-slide-image\" src=\"https:\/\/lebombecul.com\/wp-content\/uploads\/2019\/04\/2541424656_85f69f654d_b.jpg\" alt=\"2541424656_85f69f654d_b\" \/><\/figure><\/div><div class=\"swiper-slide\"><figure class=\"swiper-slide-inner\"><img class=\"swiper-slide-image\" src=\"https:\/\/lebombecul.com\/wp-content\/uploads\/2019\/04\/glace.jpg\" alt=\"glace\" \/><\/figure><\/div><div class=\"swiper-slide\"><figure class=\"swiper-slide-inner\"><img class=\"swiper-slide-image\" src=\"https:\/\/lebombecul.com\/wp-content\/uploads\/2019\/04\/PHOfdeb1b58-c945-11e2-963c-1da34b5b28d4-805x453.jpg\" alt=\"PHOfdeb1b58-c945-11e2-963c-1da34b5b28d4-805x453\" \/><\/figure><\/div><div class=\"swiper-slide\"><figure class=\"swiper-slide-inner\"><img class=\"swiper-slide-image\" src=\"https:\/\/lebombecul.com\/wp-content\/uploads\/2019\/04\/pict1380203633.jpg\" alt=\"pict1380203633\" \/><\/figure><\/div><div class=\"swiper-slide\"><figure class=\"swiper-slide-inner\"><img class=\"swiper-slide-image\" src=\"https:\/\/lebombecul.com\/wp-content\/uploads\/2019\/04\/menu-huile.jpg\" alt=\"menu-huile\" \/><\/figure><\/div><div class=\"swiper-slide\"><figure class=\"swiper-slide-inner\"><img class=\"swiper-slide-image\" src=\"https:\/\/lebombecul.com\/wp-content\/uploads\/2019\/04\/graines-de-courge-decortiquees.jpeg\" alt=\"graines-de-courge-decortiquees\" \/><\/figure><\/div><div class=\"swiper-slide\"><figure class=\"swiper-slide-inner\"><img class=\"swiper-slide-image\" src=\"https:\/\/lebombecul.com\/wp-content\/uploads\/2019\/04\/pistil-safran_w837_h553_r4_q90.jpg\" alt=\"pistil-safran_w837_h553_r4_q90\" \/><\/figure><\/div><div class=\"swiper-slide\"><figure class=\"swiper-slide-inner\"><img class=\"swiper-slide-image\" src=\"https:\/\/lebombecul.com\/wp-content\/uploads\/2019\/04\/7782837475_des-legumes-illustration.jpg\" alt=\"7782837475_des-legumes-illustration\" \/><\/figure><\/div><div class=\"swiper-slide\"><figure class=\"swiper-slide-inner\"><img class=\"swiper-slide-image\" src=\"https:\/\/lebombecul.com\/wp-content\/uploads\/2019\/04\/pruneaux.jpg\" alt=\"pruneaux\" \/><\/figure><\/div><div class=\"swiper-slide\"><figure class=\"swiper-slide-inner\"><img class=\"swiper-slide-image\" src=\"https:\/\/lebombecul.com\/wp-content\/uploads\/2019\/04\/farce-au-foie-gras.jpg\" alt=\"farce-au-foie-gras\" \/><\/figure><\/div><div class=\"swiper-slide\"><figure class=\"swiper-slide-inner\"><img class=\"swiper-slide-image\" src=\"https:\/\/lebombecul.com\/wp-content\/uploads\/2019\/04\/crevette-rose-4060-lot-de-2kg-.jpg\" alt=\"crevette-rose-4060-lot-de-2kg-\" \/><\/figure><\/div><div class=\"swiper-slide\"><figure class=\"swiper-slide-inner\"><img class=\"swiper-slide-image\" src=\"https:\/\/lebombecul.com\/wp-content\/uploads\/2019\/04\/bouquet-dherbes-aromatiques-pour-les-pur\u00e9es-de-b\u00e9b\u00e9-2.jpg\" alt=\"bouquet-dherbes-aromatiques-pour-les-pur\u00e9es-de-b\u00e9b\u00e9-2\" \/><\/figure><\/div>\t\t\t<\/div>\n\t\t\t\t\t\t\t\t\t\t\t\t<div class=\"swiper-pagination\"><\/div>\n\t\t\t\t\t\t\t\t\t\t\t\t\t<\/div>\n\t\t\t\t<\/div>\n\t\t\t\t<\/div>\n\t\t\t\t\t\t<\/div>\n\t\t\t\t\t<\/div>\n\t\t<\/div>\n\t\t\t\t\t\t\t\t<\/div>\n\t\t\t\t\t<\/div>\n\t\t<\/section>\n\t\t\t\t\t\t<\/div>\n\t\t\t\t\t\t<\/div>\n\t\t\t\t\t<\/div>\n\t\t","protected":false},"excerpt":{"rendered":"<p>Nous avons \u00e0 coeur de travailler des produits frais, de saison, et de nous fournir aupr\u00e8s des agriculteurs et producteurs locaux. Pour les herbes fra\u00eeches, le piment s\u00e9ch\u00e9 et quelques l\u00e9gumes de saison :l\u2019exploitation agricole VERGER DE BECO, en agriculture biodynamique, de Pernelle et Guillaume, lieu dit Gibili, \u00e0 Saint Sylvestre sur Lot. Pour les [&hellip;]<\/p>\n","protected":false},"author":1,"featured_media":0,"parent":0,"menu_order":0,"comment_status":"closed","ping_status":"closed","template":"","meta":{"_monsterinsights_skip_tracking":false,"_monsterinsights_sitenote_active":false,"_monsterinsights_sitenote_note":"","_monsterinsights_sitenote_category":0},"_links":{"self":[{"href":"https:\/\/lebombecul.com\/index.php\/wp-json\/wp\/v2\/pages\/459"}],"collection":[{"href":"https:\/\/lebombecul.com\/index.php\/wp-json\/wp\/v2\/pages"}],"about":[{"href":"https:\/\/lebombecul.com\/index.php\/wp-json\/wp\/v2\/types\/page"}],"author":[{"embeddable":true,"href":"https:\/\/lebombecul.com\/index.php\/wp-json\/wp\/v2\/users\/1"}],"replies":[{"embeddable":true,"href":"https:\/\/lebombecul.com\/index.php\/wp-json\/wp\/v2\/comments?post=459"}],"version-history":[{"count":183,"href":"https:\/\/lebombecul.com\/index.php\/wp-json\/wp\/v2\/pages\/459\/revisions"}],"predecessor-version":[{"id":4776,"href":"https:\/\/lebombecul.com\/index.php\/wp-json\/wp\/v2\/pages\/459\/revisions\/4776"}],"wp:attachment":[{"href":"https:\/\/lebombecul.com\/index.php\/wp-json\/wp\/v2\/media?parent=459"}],"curies":[{"name":"wp","href":"https:\/\/api.w.org\/{rel}","templated":true}]}}