{"id":4663,"date":"2026-03-19T13:54:05","date_gmt":"2026-03-19T12:54:05","guid":{"rendered":"http:\/\/lebombecul.com\/?page_id=4663"},"modified":"2026-05-02T11:21:26","modified_gmt":"2026-05-02T09:21:26","slug":"notre-carte","status":"publish","type":"page","link":"https:\/\/lebombecul.com\/index.php\/notre-carte\/","title":{"rendered":"Notre carte"},"content":{"rendered":"\t\t<div data-elementor-type=\"wp-page\" data-elementor-id=\"4663\" class=\"elementor elementor-4663\" data-elementor-settings=\"[]\">\n\t\t\t\t\t\t<div class=\"elementor-inner\">\n\t\t\t\t\t\t\t<div class=\"elementor-section-wrap\">\n\t\t\t\t\t\t\t<section class=\"elementor-section elementor-top-section elementor-element elementor-element-703b019 elementor-section-boxed elementor-section-height-default elementor-section-height-default\" data-id=\"703b019\" data-element_type=\"section\">\n\t\t\t\t\t\t<div class=\"elementor-container elementor-column-gap-default\">\n\t\t\t\t\t\t\t<div class=\"elementor-row\">\n\t\t\t\t\t<div class=\"elementor-column elementor-col-100 elementor-top-column elementor-element elementor-element-08ffe69\" data-id=\"08ffe69\" data-element_type=\"column\">\n\t\t\t<div class=\"elementor-column-wrap elementor-element-populated\">\n\t\t\t\t\t\t\t<div class=\"elementor-widget-wrap\">\n\t\t\t\t\t\t<div class=\"elementor-element elementor-element-6a93c13 elementor-widget elementor-widget-text-editor\" data-id=\"6a93c13\" data-element_type=\"widget\" data-widget_type=\"text-editor.default\">\n\t\t\t\t<div class=\"elementor-widget-container\">\n\t\t\t\t\t<div class=\"elementor-text-editor elementor-clearfix\"><h2 style=\"text-align: center;\"><span style=\"color: #ff6600;\">Nos formules du midi<\/span><br \/><span style=\"color: #ff6600; font-size: .6em;\">uniquement en semaine<\/span><\/h2><h3 style=\"text-align: center;\"><span style=\"color: #ffffff;\">Formule 19 \u20ac<\/span><\/h3><p style=\"text-align: center;\"><span style=\"color: #ffffff;\">Entr\u00e9e + plat<\/span><br \/><span style=\"color: #ffffff;\">ou<\/span><br \/><span style=\"color: #ffffff;\">Plat + dessert<\/span><\/p><h3 style=\"text-align: center;\"><span style=\"color: #ffffff;\">Formule 23 \u20ac<\/span><\/h3><p style=\"text-align: center;\"><span style=\"color: #ffffff;\">Entr\u00e9e + plat + dessert<\/span><\/p><\/div>\n\t\t\t\t<\/div>\n\t\t\t\t<\/div>\n\t\t\t\t\t\t<\/div>\n\t\t\t\t\t<\/div>\n\t\t<\/div>\n\t\t\t\t\t\t\t\t<\/div>\n\t\t\t\t\t<\/div>\n\t\t<\/section>\n\t\t\t\t<section class=\"elementor-section elementor-top-section elementor-element elementor-element-f66639c elementor-section-boxed elementor-section-height-default elementor-section-height-default\" data-id=\"f66639c\" data-element_type=\"section\">\n\t\t\t\t\t\t<div class=\"elementor-container elementor-column-gap-default\">\n\t\t\t\t\t\t\t<div class=\"elementor-row\">\n\t\t\t\t\t<div class=\"elementor-column elementor-col-100 elementor-top-column elementor-element elementor-element-efcff5e\" data-id=\"efcff5e\" data-element_type=\"column\">\n\t\t\t<div class=\"elementor-column-wrap elementor-element-populated\">\n\t\t\t\t\t\t\t<div class=\"elementor-widget-wrap\">\n\t\t\t\t\t\t<div class=\"elementor-element elementor-element-a206d21 elementor-widget elementor-widget-text-editor\" data-id=\"a206d21\" data-element_type=\"widget\" data-widget_type=\"text-editor.default\">\n\t\t\t\t<div class=\"elementor-widget-container\">\n\t\t\t\t\t<div class=\"elementor-text-editor elementor-clearfix\"><h2 style=\"text-align: center;\"><span style=\"color: #ff6600;\"><b>Menu 37 \u20ac<br><\/b><\/span><span style=\"color: #ff6600;\"><b>et carte<\/b><\/span><b><\/b><\/h2>\n<p style=\"text-align: center;\"><span style=\"color: #ffffff;\">Amuse-bouche fa\u00e7on Bombecul&nbsp;<\/span><\/p>\n<p style=\"text-align: center;\"><span style=\"color: #ffffff;\">&#8211; ENTR\u00c9ES &#8211;<\/span><\/p>\n<p style=\"text-align: center;\"><span style=\"color: #ffffff;\">\u0152uf parfait,<\/span><br><span style=\"color: #ffffff;\">Cr\u00e8me de c\u00e8pes brais\u00e9s, copeaux de parmesan,&nbsp;julienne de jambon cru, copeaux de parmesan, amande torr\u00e9fi\u00e9es. <\/span><br><span style=\"color: #ffffff;\">(<i>prix \u00e0 la carte 9 \u20ac)&nbsp;<\/i><\/span><\/p>\n<p style=\"text-align: center;\"><span style=\"color: #ffffff;\">Ou&nbsp;<\/span><\/p>\n<p style=\"text-align: center;\"><span style=\"color: #ffffff;\"> Duo de foie gras du Bombecul,<\/span><br><span style=\"color: #ffffff;\"> op\u00e9ra de foie gras au caf\u00e9 et pain d\u2019\u00e9pices confit de figues et pruneaux au vin pain de campagne toast\u00e9 \u00ab Les Semeurs de Pain \u00bb (Th\u00e9zac)<br><em>(sup 2 \u20ac dans le menu &#8211; prix \u00e0 la carte 12 \u20ac).&nbsp;<\/em><\/span><\/p>\n<p style=\"text-align: center;\"><span style=\"color: #ffffff;\">&#8211; PLATS &#8211;&nbsp;<\/span><\/p>\n<p style=\"text-align: center;\"><span style=\"color: #ffffff;\">Filet de Saint-Pierre r\u00f4ti au lard coulit de poivrons au thym pur\u00e9e de patates douces aux \u00e9pices, l\u00e9gumes bio<\/span><br><span style=\"color: #ffffff;\">(<i>prix \u00e0 la carte 25 \u20ac)&nbsp;<\/i><\/span><\/p>\n<p style=\"text-align: center;\"><span style=\"color: #ffffff;\">Ou&nbsp;<\/span><\/p>\n<p style=\"text-align: center;\"><span style=\"color: #ffffff;\">Pav\u00e9 de veau snack\u00e9 et sa sauce mascarpone truff\u00e9 Polenta \u00e0 l\u2019ail noir et parmesan, l\u00e9gumes brais\u00e9s<\/span><br><span style=\"color: #ffffff;\">(<i>prix \u00e0 la carte 26 \u20ac)&nbsp;<\/i><\/span><\/p>\n<p style=\"text-align: center;\"><span style=\"color: #ffffff;\">&#8211; DESSERTS &#8211;&nbsp;<\/span><\/p>\n<p style=\"text-align: center;\"><span style=\"color: #ffffff;\">Crumble pomme-poire aux noix, coulis fruits rouges<\/span><br><span style=\"color: #ffffff;\">(<i>prix \u00e0 la carte 8 \u20ac)&nbsp;<\/i><\/span><\/p>\n<p style=\"text-align: center;\"><span style=\"color: #ffffff;\">Ou&nbsp;<\/span><\/p>\n<p style=\"text-align: center;\"><span style=\"color: #ffffff;\">Assassin au chocolat,&nbsp;caramel au beurre sal\u00e9, coulis de cl\u00e9mentine.&nbsp;<\/span><br><span style=\"color: #ffffff;\">(<i>prix \u00e0 la carte 7 \u20ac)&nbsp;<\/i><\/span><\/p>\n<p style=\"text-align: center;\"><span style=\"color: #ffffff;\">Ou&nbsp;<\/span><\/p>\n<p style=\"text-align: center;\"><span style=\"color: #ffffff;\">Pavlova aux fraises Chlo\u00e9 et son sirop, fa\u00e7on freestyle, glace de Sacha<\/span><br><span style=\"color: #ffffff;\">(<i>prix \u00e0 la carte 8 \u20ac)&nbsp;<\/i><\/span><\/p>\n<p style=\"text-align: center;\"><span style=\"color: #ffffff;\">Ou&nbsp;<\/span><\/p>\n<p style=\"text-align: center;\"><span style=\"color: #ffffff;\">Assiette de fromages.<\/span><br><span style=\"color: #ffffff;\">(<i>prix \u00e0 la carte 9 \u20ac)&nbsp;<\/i><\/span><\/p>\n<p style=\"text-align: center;\"><span style=\"color: #ffffff;\">Ou&nbsp;<\/span><\/p>\n<p style=\"text-align: center;\"><span style=\"color: #ffffff;\"><i>Demandez la carte des glaces<\/i><\/span><\/p><\/div>\n\t\t\t\t<\/div>\n\t\t\t\t<\/div>\n\t\t\t\t\t\t<\/div>\n\t\t\t\t\t<\/div>\n\t\t<\/div>\n\t\t\t\t\t\t\t\t<\/div>\n\t\t\t\t\t<\/div>\n\t\t<\/section>\n\t\t\t\t\t\t<\/div>\n\t\t\t\t\t\t<\/div>\n\t\t\t\t\t<\/div>\n\t\t","protected":false},"excerpt":{"rendered":"<p>Nos formules du midiuniquement en semaine Formule 19 \u20ac Entr\u00e9e + platouPlat + dessert Formule 23 \u20ac Entr\u00e9e + plat + dessert Menu 37 \u20acet carte Amuse-bouche fa\u00e7on Bombecul&nbsp; &#8211; ENTR\u00c9ES &#8211; \u0152uf parfait,Cr\u00e8me de c\u00e8pes brais\u00e9s, copeaux de parmesan,&nbsp;julienne de jambon cru, copeaux de parmesan, amande torr\u00e9fi\u00e9es. (prix \u00e0 la carte 9 \u20ac)&nbsp; Ou&nbsp; [&hellip;]<\/p>\n","protected":false},"author":1,"featured_media":0,"parent":0,"menu_order":0,"comment_status":"closed","ping_status":"closed","template":"","meta":{"_monsterinsights_skip_tracking":false,"_monsterinsights_sitenote_active":false,"_monsterinsights_sitenote_note":"","_monsterinsights_sitenote_category":0},"_links":{"self":[{"href":"https:\/\/lebombecul.com\/index.php\/wp-json\/wp\/v2\/pages\/4663"}],"collection":[{"href":"https:\/\/lebombecul.com\/index.php\/wp-json\/wp\/v2\/pages"}],"about":[{"href":"https:\/\/lebombecul.com\/index.php\/wp-json\/wp\/v2\/types\/page"}],"author":[{"embeddable":true,"href":"https:\/\/lebombecul.com\/index.php\/wp-json\/wp\/v2\/users\/1"}],"replies":[{"embeddable":true,"href":"https:\/\/lebombecul.com\/index.php\/wp-json\/wp\/v2\/comments?post=4663"}],"version-history":[{"count":59,"href":"https:\/\/lebombecul.com\/index.php\/wp-json\/wp\/v2\/pages\/4663\/revisions"}],"predecessor-version":[{"id":4813,"href":"https:\/\/lebombecul.com\/index.php\/wp-json\/wp\/v2\/pages\/4663\/revisions\/4813"}],"wp:attachment":[{"href":"https:\/\/lebombecul.com\/index.php\/wp-json\/wp\/v2\/media?parent=4663"}],"curies":[{"name":"wp","href":"https:\/\/api.w.org\/{rel}","templated":true}]}}