{"id":5,"date":"2019-03-12T18:50:44","date_gmt":"2019-03-12T17:50:44","guid":{"rendered":"http:\/\/lebombecul.com\/?page_id=5"},"modified":"2026-03-18T17:40:16","modified_gmt":"2026-03-18T16:40:16","slug":"restaurant","status":"publish","type":"page","link":"https:\/\/lebombecul.com\/index.php\/restaurant\/","title":{"rendered":"Le restaurant"},"content":{"rendered":"\t\t<div data-elementor-type=\"wp-post\" data-elementor-id=\"5\" class=\"elementor elementor-5\" data-elementor-settings=\"[]\">\n\t\t\t\t\t\t<div class=\"elementor-inner\">\n\t\t\t\t\t\t\t<div class=\"elementor-section-wrap\">\n\t\t\t\t\t\t\t<section class=\"elementor-section elementor-top-section elementor-element elementor-element-8fc1ac8 elementor-section-boxed elementor-section-height-default elementor-section-height-default\" data-id=\"8fc1ac8\" data-element_type=\"section\">\n\t\t\t\t\t\t<div class=\"elementor-container elementor-column-gap-default\">\n\t\t\t\t\t\t\t<div class=\"elementor-row\">\n\t\t\t\t\t<div class=\"elementor-column elementor-col-33 elementor-top-column elementor-element elementor-element-6bd638b\" data-id=\"6bd638b\" data-element_type=\"column\">\n\t\t\t<div class=\"elementor-column-wrap elementor-element-populated\">\n\t\t\t\t\t\t\t<div class=\"elementor-widget-wrap\">\n\t\t\t\t\t\t<div class=\"elementor-element elementor-element-8ac2227 elementor-widget elementor-widget-image\" data-id=\"8ac2227\" data-element_type=\"widget\" data-widget_type=\"image.default\">\n\t\t\t\t<div class=\"elementor-widget-container\">\n\t\t\t\t\t<div class=\"elementor-image\">\n\t\t\t\t\t\t\t\t\t\t\t<a href=\"http:\/\/lebombecul.com\/wp-content\/uploads\/2020\/10\/salle1.jpg\" data-elementor-open-lightbox=\"yes\" data-elementor-lightbox-title=\"salle1\">\n\t\t\t\t\t\t\t<img width=\"640\" height=\"640\" src=\"https:\/\/lebombecul.com\/wp-content\/uploads\/2020\/10\/salle1.jpg\" class=\"attachment-large size-large\" alt=\"\" loading=\"lazy\" srcset=\"https:\/\/lebombecul.com\/wp-content\/uploads\/2020\/10\/salle1.jpg 1000w, https:\/\/lebombecul.com\/wp-content\/uploads\/2020\/10\/salle1-300x300.jpg 300w, https:\/\/lebombecul.com\/wp-content\/uploads\/2020\/10\/salle1-150x150.jpg 150w, https:\/\/lebombecul.com\/wp-content\/uploads\/2020\/10\/salle1-768x768.jpg 768w\" sizes=\"(max-width: 640px) 100vw, 640px\" \/>\t\t\t\t\t\t\t\t<\/a>\n\t\t\t\t\t\t\t\t\t\t\t<\/div>\n\t\t\t\t<\/div>\n\t\t\t\t<\/div>\n\t\t\t\t\t\t<\/div>\n\t\t\t\t\t<\/div>\n\t\t<\/div>\n\t\t\t\t<div class=\"elementor-column elementor-col-33 elementor-top-column elementor-element elementor-element-7b1b1b0\" data-id=\"7b1b1b0\" data-element_type=\"column\">\n\t\t\t<div class=\"elementor-column-wrap elementor-element-populated\">\n\t\t\t\t\t\t\t<div class=\"elementor-widget-wrap\">\n\t\t\t\t\t\t<div class=\"elementor-element elementor-element-3ded114 elementor-widget elementor-widget-image\" data-id=\"3ded114\" data-element_type=\"widget\" data-widget_type=\"image.default\">\n\t\t\t\t<div class=\"elementor-widget-container\">\n\t\t\t\t\t<div class=\"elementor-image\">\n\t\t\t\t\t\t\t\t\t\t\t<a href=\"http:\/\/lebombecul.com\/wp-content\/uploads\/2020\/10\/salle3.jpg\" data-elementor-open-lightbox=\"yes\" data-elementor-lightbox-title=\"salle3\">\n\t\t\t\t\t\t\t<img width=\"640\" height=\"640\" src=\"https:\/\/lebombecul.com\/wp-content\/uploads\/2020\/10\/salle3.jpg\" class=\"attachment-large size-large\" alt=\"\" loading=\"lazy\" srcset=\"https:\/\/lebombecul.com\/wp-content\/uploads\/2020\/10\/salle3.jpg 1000w, https:\/\/lebombecul.com\/wp-content\/uploads\/2020\/10\/salle3-300x300.jpg 300w, https:\/\/lebombecul.com\/wp-content\/uploads\/2020\/10\/salle3-150x150.jpg 150w, https:\/\/lebombecul.com\/wp-content\/uploads\/2020\/10\/salle3-768x768.jpg 768w\" sizes=\"(max-width: 640px) 100vw, 640px\" \/>\t\t\t\t\t\t\t\t<\/a>\n\t\t\t\t\t\t\t\t\t\t\t<\/div>\n\t\t\t\t<\/div>\n\t\t\t\t<\/div>\n\t\t\t\t\t\t<\/div>\n\t\t\t\t\t<\/div>\n\t\t<\/div>\n\t\t\t\t<div class=\"elementor-column elementor-col-33 elementor-top-column elementor-element elementor-element-2138587\" data-id=\"2138587\" data-element_type=\"column\">\n\t\t\t<div class=\"elementor-column-wrap elementor-element-populated\">\n\t\t\t\t\t\t\t<div class=\"elementor-widget-wrap\">\n\t\t\t\t\t\t<div class=\"elementor-element elementor-element-5508403 elementor-widget elementor-widget-image\" data-id=\"5508403\" data-element_type=\"widget\" data-widget_type=\"image.default\">\n\t\t\t\t<div class=\"elementor-widget-container\">\n\t\t\t\t\t<div class=\"elementor-image\">\n\t\t\t\t\t\t\t\t\t\t\t<a href=\"http:\/\/lebombecul.com\/wp-content\/uploads\/2020\/10\/salle2.jpg\" data-elementor-open-lightbox=\"yes\" data-elementor-lightbox-title=\"salle2\">\n\t\t\t\t\t\t\t<img width=\"640\" height=\"640\" src=\"https:\/\/lebombecul.com\/wp-content\/uploads\/2020\/10\/salle2.jpg\" class=\"attachment-large size-large\" alt=\"\" loading=\"lazy\" srcset=\"https:\/\/lebombecul.com\/wp-content\/uploads\/2020\/10\/salle2.jpg 1000w, https:\/\/lebombecul.com\/wp-content\/uploads\/2020\/10\/salle2-300x300.jpg 300w, https:\/\/lebombecul.com\/wp-content\/uploads\/2020\/10\/salle2-150x150.jpg 150w, https:\/\/lebombecul.com\/wp-content\/uploads\/2020\/10\/salle2-768x768.jpg 768w\" sizes=\"(max-width: 640px) 100vw, 640px\" \/>\t\t\t\t\t\t\t\t<\/a>\n\t\t\t\t\t\t\t\t\t\t\t<\/div>\n\t\t\t\t<\/div>\n\t\t\t\t<\/div>\n\t\t\t\t\t\t<\/div>\n\t\t\t\t\t<\/div>\n\t\t<\/div>\n\t\t\t\t\t\t\t\t<\/div>\n\t\t\t\t\t<\/div>\n\t\t<\/section>\n\t\t\t\t<section class=\"elementor-section elementor-top-section elementor-element elementor-element-c0fa8e6 elementor-section-boxed elementor-section-height-default elementor-section-height-default\" data-id=\"c0fa8e6\" data-element_type=\"section\">\n\t\t\t\t\t\t<div class=\"elementor-container elementor-column-gap-default\">\n\t\t\t\t\t\t\t<div class=\"elementor-row\">\n\t\t\t\t\t<div class=\"elementor-column elementor-col-100 elementor-top-column elementor-element elementor-element-6bb68c5\" data-id=\"6bb68c5\" data-element_type=\"column\">\n\t\t\t<div class=\"elementor-column-wrap elementor-element-populated\">\n\t\t\t\t\t\t\t<div class=\"elementor-widget-wrap\">\n\t\t\t\t\t\t<div class=\"elementor-element elementor-element-dc0ed66 elementor-widget elementor-widget-text-editor\" data-id=\"dc0ed66\" data-element_type=\"widget\" data-widget_type=\"text-editor.default\">\n\t\t\t\t<div class=\"elementor-widget-container\">\n\t\t\t\t\t<div class=\"elementor-text-editor elementor-clearfix\"><\/div>\n\t\t\t\t<\/div>\n\t\t\t\t<\/div>\n\t\t\t\t\t\t<\/div>\n\t\t\t\t\t<\/div>\n\t\t<\/div>\n\t\t\t\t\t\t\t\t<\/div>\n\t\t\t\t\t<\/div>\n\t\t<\/section>\n\t\t\t\t<section class=\"elementor-section elementor-top-section elementor-element elementor-element-9dd9665 elementor-section-boxed elementor-section-height-default elementor-section-height-default\" data-id=\"9dd9665\" data-element_type=\"section\">\n\t\t\t\t\t\t<div class=\"elementor-container elementor-column-gap-default\">\n\t\t\t\t\t\t\t<div class=\"elementor-row\">\n\t\t\t\t\t<div class=\"elementor-column elementor-col-100 elementor-top-column elementor-element elementor-element-ca0a38e\" data-id=\"ca0a38e\" data-element_type=\"column\">\n\t\t\t<div class=\"elementor-column-wrap elementor-element-populated\">\n\t\t\t\t\t\t\t<div class=\"elementor-widget-wrap\">\n\t\t\t\t\t\t<div class=\"elementor-element elementor-element-5ac5651 elementor-aspect-ratio-169 elementor-widget elementor-widget-video\" data-id=\"5ac5651\" data-element_type=\"widget\" data-settings=\"{&quot;aspect_ratio&quot;:&quot;169&quot;}\" data-widget_type=\"video.default\">\n\t\t\t\t<div class=\"elementor-widget-container\">\n\t\t\t\t\t<div class=\"elementor-wrapper elementor-fit-aspect-ratio elementor-open-inline\">\n\t\t\t\t\t<video class=\"elementor-video\" src=\"http:\/\/lebombecul.com\/wp-content\/uploads\/2019\/04\/video_bombecul_2019.mp4\" controls=\"\" controlsList=\"nodownload\"><\/video>\n\t\t\t\t<\/div>\n\t\t\t\t<\/div>\n\t\t\t\t<\/div>\n\t\t\t\t\t\t<\/div>\n\t\t\t\t\t<\/div>\n\t\t<\/div>\n\t\t\t\t\t\t\t\t<\/div>\n\t\t\t\t\t<\/div>\n\t\t<\/section>\n\t\t\t\t<section class=\"elementor-section elementor-top-section elementor-element elementor-element-6546702 elementor-section-boxed elementor-section-height-default elementor-section-height-default\" data-id=\"6546702\" data-element_type=\"section\">\n\t\t\t\t\t\t<div class=\"elementor-container elementor-column-gap-default\">\n\t\t\t\t\t\t\t<div class=\"elementor-row\">\n\t\t\t\t\t<div class=\"elementor-column elementor-col-100 elementor-top-column elementor-element elementor-element-eac1e31\" data-id=\"eac1e31\" data-element_type=\"column\">\n\t\t\t<div class=\"elementor-column-wrap elementor-element-populated\">\n\t\t\t\t\t\t\t<div class=\"elementor-widget-wrap\">\n\t\t\t\t\t\t<div class=\"elementor-element elementor-element-737add7 elementor-widget elementor-widget-text-editor\" data-id=\"737add7\" data-element_type=\"widget\" data-widget_type=\"text-editor.default\">\n\t\t\t\t<div class=\"elementor-widget-container\">\n\t\t\t\t\t<div class=\"elementor-text-editor elementor-clearfix\"><p>Notre restaurant tire son nom quelque peu rabelaisien de la Rue Bombecul, \u00e0 l\u2019angle de laquelle il se tient. Nich\u00e9e dans le cadre exceptionnel du vieux bourg m\u00e9di\u00e9val, cette venelle en forte pente tient elle-m\u00eame son nom de la position requise pour la gravir.<\/p>\n<p>Mais que l\u2019on se rassure, nul besoin de bomber le cul pour venir jusqu\u2019\u00e0 nous, puisque nous sommes au bas de la fameuse rue. Au Bombecul l\u2019on se bombera &#8211; au mieux &#8211; la panse !<\/p>\n<p>Notre \u00e9quipe bombe le torse \u00e0 l\u2019id\u00e9e de vous accueillir dans un cadre chaleureux et convivial, et de vous r\u00e9galer d\u2019une cuisine soign\u00e9e et gourmande.<\/p>\n<p>Ne manquez pas de faire halte dans notre si joli bourg, ni de venir faire bombance au Bombecul !<\/p><\/div>\n\t\t\t\t<\/div>\n\t\t\t\t<\/div>\n\t\t\t\t\t\t<\/div>\n\t\t\t\t\t<\/div>\n\t\t<\/div>\n\t\t\t\t\t\t\t\t<\/div>\n\t\t\t\t\t<\/div>\n\t\t<\/section>\n\t\t\t\t<section class=\"elementor-section elementor-top-section elementor-element elementor-element-fa77839 elementor-section-boxed elementor-section-height-default elementor-section-height-default\" data-id=\"fa77839\" data-element_type=\"section\">\n\t\t\t\t\t\t<div class=\"elementor-container elementor-column-gap-default\">\n\t\t\t\t\t\t\t<div class=\"elementor-row\">\n\t\t\t\t\t<div class=\"elementor-column elementor-col-100 elementor-top-column elementor-element elementor-element-8e1354e\" data-id=\"8e1354e\" data-element_type=\"column\">\n\t\t\t<div class=\"elementor-column-wrap elementor-element-populated\">\n\t\t\t\t\t\t\t<div class=\"elementor-widget-wrap\">\n\t\t\t\t\t\t<div class=\"elementor-element elementor-element-5881124 gallery-spacing-custom elementor-invisible elementor-widget elementor-widget-image-gallery\" data-id=\"5881124\" data-element_type=\"widget\" data-settings=\"{&quot;_animation&quot;:&quot;none&quot;}\" data-widget_type=\"image-gallery.default\">\n\t\t\t\t<div class=\"elementor-widget-container\">\n\t\t\t\t\t<div class=\"elementor-image-gallery\">\n\t\t\t<div id='gallery-1' class='gallery galleryid-5 gallery-columns-4 gallery-size-thumbnail'><figure class='gallery-item'>\n\t\t\t<div class='gallery-icon landscape'>\n\t\t\t\t<a data-elementor-open-lightbox=\"yes\" data-elementor-lightbox-slideshow=\"5881124\" data-elementor-lightbox-title=\"IMG_0071\" href='https:\/\/lebombecul.com\/wp-content\/uploads\/2019\/04\/IMG_0071.jpg'><img width=\"150\" height=\"150\" src=\"https:\/\/lebombecul.com\/wp-content\/uploads\/2019\/04\/IMG_0071-150x150.jpg\" class=\"attachment-thumbnail size-thumbnail\" alt=\"\" loading=\"lazy\" \/><\/a>\n\t\t\t<\/div><\/figure><figure class='gallery-item'>\n\t\t\t<div class='gallery-icon landscape'>\n\t\t\t\t<a data-elementor-open-lightbox=\"yes\" data-elementor-lightbox-slideshow=\"5881124\" data-elementor-lightbox-title=\"bombecul_accueil\" href='https:\/\/lebombecul.com\/wp-content\/uploads\/2019\/03\/bombecul_accueil.jpg'><img width=\"150\" height=\"150\" src=\"https:\/\/lebombecul.com\/wp-content\/uploads\/2019\/03\/bombecul_accueil-150x150.jpg\" class=\"attachment-thumbnail size-thumbnail\" alt=\"\" loading=\"lazy\" \/><\/a>\n\t\t\t<\/div><\/figure><figure class='gallery-item'>\n\t\t\t<div class='gallery-icon landscape'>\n\t\t\t\t<a data-elementor-open-lightbox=\"yes\" data-elementor-lightbox-slideshow=\"5881124\" data-elementor-lightbox-title=\"IMG_0073\" href='https:\/\/lebombecul.com\/wp-content\/uploads\/2019\/04\/IMG_0073.jpg'><img width=\"150\" height=\"150\" src=\"https:\/\/lebombecul.com\/wp-content\/uploads\/2019\/04\/IMG_0073-150x150.jpg\" class=\"attachment-thumbnail size-thumbnail\" alt=\"\" loading=\"lazy\" \/><\/a>\n\t\t\t<\/div><\/figure><figure class='gallery-item'>\n\t\t\t<div class='gallery-icon portrait'>\n\t\t\t\t<a data-elementor-open-lightbox=\"yes\" data-elementor-lightbox-slideshow=\"5881124\" data-elementor-lightbox-title=\"IMG_0064\" href='https:\/\/lebombecul.com\/wp-content\/uploads\/2019\/04\/IMG_0064.jpg'><img width=\"150\" height=\"150\" src=\"https:\/\/lebombecul.com\/wp-content\/uploads\/2019\/04\/IMG_0064-150x150.jpg\" class=\"attachment-thumbnail size-thumbnail\" alt=\"\" loading=\"lazy\" \/><\/a>\n\t\t\t<\/div><\/figure><figure class='gallery-item'>\n\t\t\t<div class='gallery-icon landscape'>\n\t\t\t\t<a data-elementor-open-lightbox=\"yes\" data-elementor-lightbox-slideshow=\"5881124\" data-elementor-lightbox-title=\"_DSC0030\" href='https:\/\/lebombecul.com\/wp-content\/uploads\/2019\/04\/DSC0030.jpg'><img width=\"150\" height=\"150\" src=\"https:\/\/lebombecul.com\/wp-content\/uploads\/2019\/04\/DSC0030-150x150.jpg\" class=\"attachment-thumbnail size-thumbnail\" alt=\"\" loading=\"lazy\" \/><\/a>\n\t\t\t<\/div><\/figure><figure class='gallery-item'>\n\t\t\t<div class='gallery-icon landscape'>\n\t\t\t\t<a data-elementor-open-lightbox=\"yes\" data-elementor-lightbox-slideshow=\"5881124\" data-elementor-lightbox-title=\"_DSC0049\" href='https:\/\/lebombecul.com\/wp-content\/uploads\/2019\/04\/DSC0049.jpg'><img width=\"150\" height=\"150\" src=\"https:\/\/lebombecul.com\/wp-content\/uploads\/2019\/04\/DSC0049-150x150.jpg\" class=\"attachment-thumbnail size-thumbnail\" alt=\"\" loading=\"lazy\" \/><\/a>\n\t\t\t<\/div><\/figure><figure class='gallery-item'>\n\t\t\t<div class='gallery-icon landscape'>\n\t\t\t\t<a data-elementor-open-lightbox=\"yes\" data-elementor-lightbox-slideshow=\"5881124\" data-elementor-lightbox-title=\"bas\" href='https:\/\/lebombecul.com\/wp-content\/uploads\/2019\/04\/bas.jpg'><img width=\"150\" height=\"150\" src=\"https:\/\/lebombecul.com\/wp-content\/uploads\/2019\/04\/bas-150x150.jpg\" class=\"attachment-thumbnail size-thumbnail\" alt=\"\" loading=\"lazy\" \/><\/a>\n\t\t\t<\/div><\/figure><figure class='gallery-item'>\n\t\t\t<div class='gallery-icon landscape'>\n\t\t\t\t<a data-elementor-open-lightbox=\"yes\" data-elementor-lightbox-slideshow=\"5881124\" data-elementor-lightbox-title=\"_DSC0113\" href='https:\/\/lebombecul.com\/wp-content\/uploads\/2019\/04\/DSC0113.jpg'><img width=\"150\" height=\"150\" src=\"https:\/\/lebombecul.com\/wp-content\/uploads\/2019\/04\/DSC0113-150x150.jpg\" class=\"attachment-thumbnail size-thumbnail\" alt=\"\" loading=\"lazy\" \/><\/a>\n\t\t\t<\/div><\/figure><figure class='gallery-item'>\n\t\t\t<div class='gallery-icon landscape'>\n\t\t\t\t<a data-elementor-open-lightbox=\"yes\" data-elementor-lightbox-slideshow=\"5881124\" data-elementor-lightbox-title=\"etage2 copie\" href='https:\/\/lebombecul.com\/wp-content\/uploads\/2019\/04\/etage2-copie.jpg'><img width=\"150\" height=\"150\" src=\"https:\/\/lebombecul.com\/wp-content\/uploads\/2019\/04\/etage2-copie-150x150.jpg\" class=\"attachment-thumbnail size-thumbnail\" alt=\"\" loading=\"lazy\" \/><\/a>\n\t\t\t<\/div><\/figure><figure class='gallery-item'>\n\t\t\t<div class='gallery-icon portrait'>\n\t\t\t\t<a data-elementor-open-lightbox=\"yes\" data-elementor-lightbox-slideshow=\"5881124\" data-elementor-lightbox-title=\"_DSC0041\" href='https:\/\/lebombecul.com\/wp-content\/uploads\/2019\/04\/DSC0041.jpg'><img width=\"150\" height=\"150\" src=\"https:\/\/lebombecul.com\/wp-content\/uploads\/2019\/04\/DSC0041-150x150.jpg\" class=\"attachment-thumbnail size-thumbnail\" alt=\"\" loading=\"lazy\" \/><\/a>\n\t\t\t<\/div><\/figure><figure class='gallery-item'>\n\t\t\t<div class='gallery-icon landscape'>\n\t\t\t\t<a data-elementor-open-lightbox=\"yes\" data-elementor-lightbox-slideshow=\"5881124\" data-elementor-lightbox-title=\"IMG_0111\" href='https:\/\/lebombecul.com\/wp-content\/uploads\/2019\/04\/IMG_0111.jpg'><img width=\"150\" height=\"150\" src=\"https:\/\/lebombecul.com\/wp-content\/uploads\/2019\/04\/IMG_0111-150x150.jpg\" class=\"attachment-thumbnail size-thumbnail\" alt=\"\" loading=\"lazy\" \/><\/a>\n\t\t\t<\/div><\/figure><figure class='gallery-item'>\n\t\t\t<div class='gallery-icon landscape'>\n\t\t\t\t<a data-elementor-open-lightbox=\"yes\" data-elementor-lightbox-slideshow=\"5881124\" data-elementor-lightbox-title=\"terrasse9 copie\" href='https:\/\/lebombecul.com\/wp-content\/uploads\/2019\/04\/terrasse9-copie.jpg'><img width=\"150\" height=\"150\" src=\"https:\/\/lebombecul.com\/wp-content\/uploads\/2019\/04\/terrasse9-copie-150x150.jpg\" class=\"attachment-thumbnail size-thumbnail\" alt=\"\" loading=\"lazy\" \/><\/a>\n\t\t\t<\/div><\/figure>\n\t\t<\/div>\n\t\t<\/div>\n\t\t\t\t<\/div>\n\t\t\t\t<\/div>\n\t\t\t\t\t\t<\/div>\n\t\t\t\t\t<\/div>\n\t\t<\/div>\n\t\t\t\t\t\t\t\t<\/div>\n\t\t\t\t\t<\/div>\n\t\t<\/section>\n\t\t\t\t\t\t<\/div>\n\t\t\t\t\t\t<\/div>\n\t\t\t\t\t<\/div>\n\t\t","protected":false},"excerpt":{"rendered":"<p>http:\/\/lebombecul.com\/wp-content\/uploads\/2019\/04\/video_bombecul_2019.mp4 Notre restaurant tire son nom quelque peu rabelaisien de la Rue Bombecul, \u00e0 l\u2019angle de laquelle il se tient. Nich\u00e9e dans le cadre exceptionnel du vieux bourg m\u00e9di\u00e9val, cette venelle en forte pente tient elle-m\u00eame son nom de la position requise pour la gravir. Mais que l\u2019on se rassure, nul besoin de bomber le [&hellip;]<\/p>\n","protected":false},"author":1,"featured_media":0,"parent":0,"menu_order":0,"comment_status":"closed","ping_status":"closed","template":"","meta":{"_monsterinsights_skip_tracking":false,"_monsterinsights_sitenote_active":false,"_monsterinsights_sitenote_note":"","_monsterinsights_sitenote_category":0},"_links":{"self":[{"href":"https:\/\/lebombecul.com\/index.php\/wp-json\/wp\/v2\/pages\/5"}],"collection":[{"href":"https:\/\/lebombecul.com\/index.php\/wp-json\/wp\/v2\/pages"}],"about":[{"href":"https:\/\/lebombecul.com\/index.php\/wp-json\/wp\/v2\/types\/page"}],"author":[{"embeddable":true,"href":"https:\/\/lebombecul.com\/index.php\/wp-json\/wp\/v2\/users\/1"}],"replies":[{"embeddable":true,"href":"https:\/\/lebombecul.com\/index.php\/wp-json\/wp\/v2\/comments?post=5"}],"version-history":[{"count":96,"href":"https:\/\/lebombecul.com\/index.php\/wp-json\/wp\/v2\/pages\/5\/revisions"}],"predecessor-version":[{"id":1275,"href":"https:\/\/lebombecul.com\/index.php\/wp-json\/wp\/v2\/pages\/5\/revisions\/1275"}],"wp:attachment":[{"href":"https:\/\/lebombecul.com\/index.php\/wp-json\/wp\/v2\/media?parent=5"}],"curies":[{"name":"wp","href":"https:\/\/api.w.org\/{rel}","templated":true}]}}