{"id":52,"date":"2019-04-02T19:07:51","date_gmt":"2019-04-02T17:07:51","guid":{"rendered":"http:\/\/lebombecul.com\/?page_id=52"},"modified":"2026-03-19T18:32:23","modified_gmt":"2026-03-19T17:32:23","slug":"les-horaires","status":"publish","type":"page","link":"https:\/\/lebombecul.com\/index.php\/les-horaires\/","title":{"rendered":"Contact\/Horaires"},"content":{"rendered":"\t\t<div data-elementor-type=\"wp-post\" data-elementor-id=\"52\" class=\"elementor elementor-52\" data-elementor-settings=\"[]\">\n\t\t\t\t\t\t<div class=\"elementor-inner\">\n\t\t\t\t\t\t\t<div class=\"elementor-section-wrap\">\n\t\t\t\t\t\t\t<section class=\"elementor-section elementor-top-section elementor-element elementor-element-2c9428a elementor-section-boxed elementor-section-height-default elementor-section-height-default\" data-id=\"2c9428a\" data-element_type=\"section\">\n\t\t\t\t\t\t<div class=\"elementor-container elementor-column-gap-default\">\n\t\t\t\t\t\t\t<div class=\"elementor-row\">\n\t\t\t\t\t<div class=\"elementor-column elementor-col-50 elementor-top-column elementor-element elementor-element-049370e\" data-id=\"049370e\" data-element_type=\"column\">\n\t\t\t<div class=\"elementor-column-wrap elementor-element-populated\">\n\t\t\t\t\t\t\t<div class=\"elementor-widget-wrap\">\n\t\t\t\t\t\t<div class=\"elementor-element elementor-element-1d0e858 elementor-widget elementor-widget-text-editor\" data-id=\"1d0e858\" data-element_type=\"widget\" data-widget_type=\"text-editor.default\">\n\t\t\t\t<div class=\"elementor-widget-container\">\n\t\t\t\t\t<div class=\"elementor-text-editor elementor-clearfix\">\nLe Bombecul vous accueille :\n<ul>\n \t<li>le<strong>\u00a0XXXXX midi<\/strong><\/li>\n \t<li>le <strong>XXXXX midi<\/strong>,<\/li>\n \t<li>le <strong>XXX midi<\/strong>,<\/li>\n \t<li>le <strong>XXX midi et soir.<\/strong><\/li>\n<\/ul>\n\n<h5 style=\"text-align: center;\" class=\"clignote\">R\u00c9SERVATIONS UNIQUEMENT PAR T\u00c9L\u00c9PHONE<\/span><\/h5>\n<\/div>\n\t\t\t\t<\/div>\n\t\t\t\t<\/div>\n\t\t\t\t\t\t<\/div>\n\t\t\t\t\t<\/div>\n\t\t<\/div>\n\t\t\t\t<div class=\"elementor-column elementor-col-50 elementor-top-column elementor-element elementor-element-e688493\" data-id=\"e688493\" data-element_type=\"column\">\n\t\t\t<div class=\"elementor-column-wrap elementor-element-populated\">\n\t\t\t\t\t\t\t<div class=\"elementor-widget-wrap\">\n\t\t\t\t\t\t<div class=\"elementor-element elementor-element-de67ea1 elementor-widget elementor-widget-text-editor\" data-id=\"de67ea1\" data-element_type=\"widget\" data-widget_type=\"text-editor.default\">\n\t\t\t\t<div class=\"elementor-widget-container\">\n\t\t\t\t\t<div class=\"elementor-text-editor elementor-clearfix\"><h4><span style=\"font-size: 24px; color: var( --e-global-color-text );\">Restaurant<\/span><br \/>LE BOMBECUL<\/h4><p>10, place Paul Froment<br \/>47140 Penne d&rsquo;Agenais<\/p><p>Tel :\u00a005 53 71 11 76<\/p><p>Mail :\u00a0<a href=\"mailto:toinino@hotmail.com\"><span style=\"font-size: 23px; text-align: justify; color: var( --e-global-color-text );\">toinino@hotmail.com<\/span><\/a><\/p><\/div>\n\t\t\t\t<\/div>\n\t\t\t\t<\/div>\n\t\t\t\t\t\t<\/div>\n\t\t\t\t\t<\/div>\n\t\t<\/div>\n\t\t\t\t\t\t\t\t<\/div>\n\t\t\t\t\t<\/div>\n\t\t<\/section>\n\t\t\t\t<section class=\"elementor-section elementor-top-section elementor-element elementor-element-eda7865 elementor-section-boxed elementor-section-height-default elementor-section-height-default\" data-id=\"eda7865\" data-element_type=\"section\">\n\t\t\t\t\t\t<div class=\"elementor-container elementor-column-gap-default\">\n\t\t\t\t\t\t\t<div class=\"elementor-row\">\n\t\t\t\t\t<div class=\"elementor-column elementor-col-100 elementor-top-column elementor-element elementor-element-31f31c8\" data-id=\"31f31c8\" data-element_type=\"column\">\n\t\t\t<div class=\"elementor-column-wrap elementor-element-populated\">\n\t\t\t\t\t\t\t<div class=\"elementor-widget-wrap\">\n\t\t\t\t\t\t<div class=\"elementor-element elementor-element-e310a96 elementor-widget elementor-widget-google_maps\" data-id=\"e310a96\" data-element_type=\"widget\" data-widget_type=\"google_maps.default\">\n\t\t\t\t<div class=\"elementor-widget-container\">\n\t\t\t<div class=\"elementor-custom-embed\"><iframe frameborder=\"0\" scrolling=\"no\" marginheight=\"0\" marginwidth=\"0\" src=\"https:\/\/maps.google.com\/maps?q=Penne%20d%27Agenais%2C%20le%20Bombecul&amp;t=m&amp;z=18&amp;output=embed&amp;iwloc=near\" title=\"Penne d&#039;Agenais, le Bombecul\" aria-label=\"Penne d&#039;Agenais, le Bombecul\"><\/iframe><\/div>\t\t<\/div>\n\t\t\t\t<\/div>\n\t\t\t\t\t\t<\/div>\n\t\t\t\t\t<\/div>\n\t\t<\/div>\n\t\t\t\t\t\t\t\t<\/div>\n\t\t\t\t\t<\/div>\n\t\t<\/section>\n\t\t\t\t\t\t<\/div>\n\t\t\t\t\t\t<\/div>\n\t\t\t\t\t<\/div>\n\t\t","protected":false},"excerpt":{"rendered":"<p>Le Bombecul vous accueille : le\u00a0XXXXX midi le XXXXX midi, le XXX midi, le XXX midi et soir. R\u00c9SERVATIONS UNIQUEMENT PAR T\u00c9L\u00c9PHONE RestaurantLE BOMBECUL 10, place Paul Froment47140 Penne d&rsquo;Agenais Tel :\u00a005 53 71 11 76 Mail :\u00a0toinino@hotmail.com<\/p>\n","protected":false},"author":1,"featured_media":0,"parent":0,"menu_order":0,"comment_status":"closed","ping_status":"closed","template":"","meta":{"_monsterinsights_skip_tracking":false,"_monsterinsights_sitenote_active":false,"_monsterinsights_sitenote_note":"","_monsterinsights_sitenote_category":0},"_links":{"self":[{"href":"https:\/\/lebombecul.com\/index.php\/wp-json\/wp\/v2\/pages\/52"}],"collection":[{"href":"https:\/\/lebombecul.com\/index.php\/wp-json\/wp\/v2\/pages"}],"about":[{"href":"https:\/\/lebombecul.com\/index.php\/wp-json\/wp\/v2\/types\/page"}],"author":[{"embeddable":true,"href":"https:\/\/lebombecul.com\/index.php\/wp-json\/wp\/v2\/users\/1"}],"replies":[{"embeddable":true,"href":"https:\/\/lebombecul.com\/index.php\/wp-json\/wp\/v2\/comments?post=52"}],"version-history":[{"count":273,"href":"https:\/\/lebombecul.com\/index.php\/wp-json\/wp\/v2\/pages\/52\/revisions"}],"predecessor-version":[{"id":4725,"href":"https:\/\/lebombecul.com\/index.php\/wp-json\/wp\/v2\/pages\/52\/revisions\/4725"}],"wp:attachment":[{"href":"https:\/\/lebombecul.com\/index.php\/wp-json\/wp\/v2\/media?parent=52"}],"curies":[{"name":"wp","href":"https:\/\/api.w.org\/{rel}","templated":true}]}}