{"id":582,"date":"2019-04-08T13:39:01","date_gmt":"2019-04-08T11:39:01","guid":{"rendered":"http:\/\/lebombecul.com\/?page_id=582"},"modified":"2023-01-31T18:53:17","modified_gmt":"2023-01-31T17:53:17","slug":"liens","status":"publish","type":"page","link":"https:\/\/lebombecul.com\/index.php\/liens\/","title":{"rendered":"Liens"},"content":{"rendered":"\t\t<div data-elementor-type=\"wp-post\" data-elementor-id=\"582\" class=\"elementor elementor-582\" data-elementor-settings=\"[]\">\n\t\t\t\t\t\t<div class=\"elementor-inner\">\n\t\t\t\t\t\t\t<div class=\"elementor-section-wrap\">\n\t\t\t\t\t\t\t<section class=\"elementor-section elementor-top-section elementor-element elementor-element-b7bdc39 elementor-section-boxed elementor-section-height-default elementor-section-height-default\" data-id=\"b7bdc39\" data-element_type=\"section\">\n\t\t\t\t\t\t<div class=\"elementor-container elementor-column-gap-default\">\n\t\t\t\t\t\t\t<div class=\"elementor-row\">\n\t\t\t\t\t<div class=\"elementor-column elementor-col-100 elementor-top-column elementor-element elementor-element-d78368d\" data-id=\"d78368d\" data-element_type=\"column\">\n\t\t\t<div class=\"elementor-column-wrap elementor-element-populated\">\n\t\t\t\t\t\t\t<div class=\"elementor-widget-wrap\">\n\t\t\t\t\t\t<div class=\"elementor-element elementor-element-bcf6dea elementor-widget elementor-widget-text-editor\" data-id=\"bcf6dea\" data-element_type=\"widget\" data-widget_type=\"text-editor.default\">\n\t\t\t\t<div class=\"elementor-widget-container\">\n\t\t\t\t\t<div class=\"elementor-text-editor elementor-clearfix\"><p style=\"text-align: center;\">Suivez Le Bombecul sur les r\u00e9seaux sociaux&#8230;<\/p><\/div>\n\t\t\t\t<\/div>\n\t\t\t\t<\/div>\n\t\t\t\t\t\t<\/div>\n\t\t\t\t\t<\/div>\n\t\t<\/div>\n\t\t\t\t\t\t\t\t<\/div>\n\t\t\t\t\t<\/div>\n\t\t<\/section>\n\t\t\t\t<section class=\"elementor-section elementor-top-section elementor-element elementor-element-f0d14e3 elementor-section-boxed elementor-section-height-default elementor-section-height-default\" data-id=\"f0d14e3\" data-element_type=\"section\">\n\t\t\t\t\t\t<div class=\"elementor-container elementor-column-gap-default\">\n\t\t\t\t\t\t\t<div class=\"elementor-row\">\n\t\t\t\t\t<div class=\"elementor-column elementor-col-100 elementor-top-column elementor-element elementor-element-2bae16e\" data-id=\"2bae16e\" data-element_type=\"column\">\n\t\t\t<div class=\"elementor-column-wrap elementor-element-populated\">\n\t\t\t\t\t\t\t<div class=\"elementor-widget-wrap\">\n\t\t\t\t\t\t<div class=\"elementor-element elementor-element-27f3355 elementor-shape-circle elementor-grid-0 elementor-widget elementor-widget-social-icons\" data-id=\"27f3355\" data-element_type=\"widget\" data-widget_type=\"social-icons.default\">\n\t\t\t\t<div class=\"elementor-widget-container\">\n\t\t\t\t\t<div class=\"elementor-social-icons-wrapper elementor-grid\">\n\t\t\t\t\t\t\t<div class=\"elementor-grid-item\">\n\t\t\t\t\t<a class=\"elementor-icon elementor-social-icon elementor-social-icon-facebook-f elementor-repeater-item-dc5cd8f\" href=\"https:\/\/www.facebook.com\/antoine.bombecul\" target=\"_blank\">\n\t\t\t\t\t\t<span class=\"elementor-screen-only\">Facebook-f<\/span>\n\t\t\t\t\t\t<i class=\"fab fa-facebook-f\"><\/i>\t\t\t\t\t<\/a>\n\t\t\t\t<\/div>\n\t\t\t\t\t\t\t<div class=\"elementor-grid-item\">\n\t\t\t\t\t<a class=\"elementor-icon elementor-social-icon elementor-social-icon-instagram elementor-repeater-item-6117fc5\" href=\"https:\/\/www.instagram.com\/le_bombecul\/\" target=\"_blank\">\n\t\t\t\t\t\t<span class=\"elementor-screen-only\">Instagram<\/span>\n\t\t\t\t\t\t<i class=\"fab fa-instagram\"><\/i>\t\t\t\t\t<\/a>\n\t\t\t\t<\/div>\n\t\t\t\t\t<\/div>\n\t\t\t\t<\/div>\n\t\t\t\t<\/div>\n\t\t\t\t\t\t<\/div>\n\t\t\t\t\t<\/div>\n\t\t<\/div>\n\t\t\t\t\t\t\t\t<\/div>\n\t\t\t\t\t<\/div>\n\t\t<\/section>\n\t\t\t\t<section class=\"elementor-section elementor-top-section elementor-element elementor-element-c9c375b elementor-section-boxed elementor-section-height-default elementor-section-height-default\" data-id=\"c9c375b\" data-element_type=\"section\">\n\t\t\t\t\t\t<div class=\"elementor-container elementor-column-gap-default\">\n\t\t\t\t\t\t\t<div class=\"elementor-row\">\n\t\t\t\t\t<div class=\"elementor-column elementor-col-100 elementor-top-column elementor-element elementor-element-f7316dc\" data-id=\"f7316dc\" data-element_type=\"column\">\n\t\t\t<div class=\"elementor-column-wrap elementor-element-populated\">\n\t\t\t\t\t\t\t<div class=\"elementor-widget-wrap\">\n\t\t\t\t\t\t<div class=\"elementor-element elementor-element-c082216 elementor-widget elementor-widget-text-editor\" data-id=\"c082216\" data-element_type=\"widget\" data-widget_type=\"text-editor.default\">\n\t\t\t\t<div class=\"elementor-widget-container\">\n\t\t\t\t\t<div class=\"elementor-text-editor elementor-clearfix\"><p>\u00a0<\/p><p style=\"text-align: center;\">Retrouvez \u00e9galement les liens vers les sites de nos chers fournisseurs, sur la page <a href=\"http:\/\/lebombecul.com\/index.php\/producteurs\/\">NOS PRODUITS<\/a>.<\/p><p style=\"text-align: center;\">Le Bombecul vous recommande \u00e9galement :<\/p><\/div>\n\t\t\t\t<\/div>\n\t\t\t\t<\/div>\n\t\t\t\t\t\t<\/div>\n\t\t\t\t\t<\/div>\n\t\t<\/div>\n\t\t\t\t\t\t\t\t<\/div>\n\t\t\t\t\t<\/div>\n\t\t<\/section>\n\t\t\t\t<section class=\"elementor-section elementor-top-section elementor-element elementor-element-9113029 elementor-section-boxed elementor-section-height-default elementor-section-height-default\" data-id=\"9113029\" data-element_type=\"section\">\n\t\t\t\t\t\t<div class=\"elementor-container elementor-column-gap-default\">\n\t\t\t\t\t\t\t<div class=\"elementor-row\">\n\t\t\t\t\t<div class=\"elementor-column elementor-col-50 elementor-top-column elementor-element elementor-element-16c2372\" data-id=\"16c2372\" data-element_type=\"column\">\n\t\t\t<div class=\"elementor-column-wrap elementor-element-populated\">\n\t\t\t\t\t\t\t<div class=\"elementor-widget-wrap\">\n\t\t\t\t\t\t<div class=\"elementor-element elementor-element-71406a3 elementor-position-top elementor-vertical-align-top elementor-widget elementor-widget-image-box\" data-id=\"71406a3\" data-element_type=\"widget\" data-widget_type=\"image-box.default\">\n\t\t\t\t<div class=\"elementor-widget-container\">\n\t\t\t<div class=\"elementor-image-box-wrapper\"><figure class=\"elementor-image-box-img\"><a href=\"https:\/\/www.antoinearnaudboutique.com\" target=\"_blank\"><img src=\"https:\/\/lebombecul.com\/wp-content\/uploads\/2019\/04\/24a412_87849b3d16014b328e5a764dae070ce0mv2_d_6217_3000_s_4_2-2.jpg\" title=\"24a412_87849b3d16014b328e5a764dae070ce0~mv2_d_6217_3000_s_4_2-2\" alt=\"24a412_87849b3d16014b328e5a764dae070ce0~mv2_d_6217_3000_s_4_2-2\" \/><\/a><\/figure><div class=\"elementor-image-box-content\"><h5 class=\"elementor-image-box-title\"><a href=\"https:\/\/www.antoinearnaudboutique.com\" target=\"_blank\">Antoine Arnaud<\/a><\/h5><p class=\"elementor-image-box-description\">Le patron du Bombecul est aussi un artiste \u00e9m\u00e9rite.\nVenez d\u00e9couvrir son art aussi ludique qu'esth\u00e9tique...\n<\/p><\/div><\/div>\t\t<\/div>\n\t\t\t\t<\/div>\n\t\t\t\t\t\t<\/div>\n\t\t\t\t\t<\/div>\n\t\t<\/div>\n\t\t\t\t<div class=\"elementor-column elementor-col-50 elementor-top-column elementor-element elementor-element-af6bcb5\" data-id=\"af6bcb5\" data-element_type=\"column\">\n\t\t\t<div class=\"elementor-column-wrap elementor-element-populated\">\n\t\t\t\t\t\t\t<div class=\"elementor-widget-wrap\">\n\t\t\t\t\t\t<div class=\"elementor-element elementor-element-e52540a elementor-position-top elementor-vertical-align-top elementor-widget elementor-widget-image-box\" data-id=\"e52540a\" data-element_type=\"widget\" data-widget_type=\"image-box.default\">\n\t\t\t\t<div class=\"elementor-widget-container\">\n\t\t\t<div class=\"elementor-image-box-wrapper\"><figure class=\"elementor-image-box-img\"><a href=\"https:\/\/www.lerelaisderoquefereau.com\/fr\" target=\"_blank\"><img src=\"https:\/\/lebombecul.com\/wp-content\/uploads\/2019\/04\/relaisroquefereau.jpg\" title=\"relaisroquefereau\" alt=\"relaisroquefereau\" \/><\/a><\/figure><div class=\"elementor-image-box-content\"><h5 class=\"elementor-image-box-title\"><a href=\"https:\/\/www.lerelaisderoquefereau.com\/fr\" target=\"_blank\">Le relais de Roquefereau<\/a><\/h5><p class=\"elementor-image-box-description\">Un gite magnifique dans un cadre exceptionnel, \u00e0 10 mn de voiture du Bombecul.\n\u00c0 ne rater sous aucun pr\u00e9texte !<\/p><\/div><\/div>\t\t<\/div>\n\t\t\t\t<\/div>\n\t\t\t\t\t\t<\/div>\n\t\t\t\t\t<\/div>\n\t\t<\/div>\n\t\t\t\t\t\t\t\t<\/div>\n\t\t\t\t\t<\/div>\n\t\t<\/section>\n\t\t\t\t\t\t<\/div>\n\t\t\t\t\t\t<\/div>\n\t\t\t\t\t<\/div>\n\t\t","protected":false},"excerpt":{"rendered":"<p>Suivez Le Bombecul sur les r\u00e9seaux sociaux&#8230; Facebook-f Instagram \u00a0 Retrouvez \u00e9galement les liens vers les sites de nos chers fournisseurs, sur la page NOS PRODUITS. Le Bombecul vous recommande \u00e9galement : Antoine Arnaud Le patron du Bombecul est aussi un artiste \u00e9m\u00e9rite. Venez d\u00e9couvrir son art aussi ludique qu&rsquo;esth\u00e9tique&#8230; Le relais de Roquefereau Un [&hellip;]<\/p>\n","protected":false},"author":1,"featured_media":0,"parent":0,"menu_order":0,"comment_status":"closed","ping_status":"closed","template":"","meta":{"_monsterinsights_skip_tracking":false,"_monsterinsights_sitenote_active":false,"_monsterinsights_sitenote_note":"","_monsterinsights_sitenote_category":0},"_links":{"self":[{"href":"https:\/\/lebombecul.com\/index.php\/wp-json\/wp\/v2\/pages\/582"}],"collection":[{"href":"https:\/\/lebombecul.com\/index.php\/wp-json\/wp\/v2\/pages"}],"about":[{"href":"https:\/\/lebombecul.com\/index.php\/wp-json\/wp\/v2\/types\/page"}],"author":[{"embeddable":true,"href":"https:\/\/lebombecul.com\/index.php\/wp-json\/wp\/v2\/users\/1"}],"replies":[{"embeddable":true,"href":"https:\/\/lebombecul.com\/index.php\/wp-json\/wp\/v2\/comments?post=582"}],"version-history":[{"count":31,"href":"https:\/\/lebombecul.com\/index.php\/wp-json\/wp\/v2\/pages\/582\/revisions"}],"predecessor-version":[{"id":2617,"href":"https:\/\/lebombecul.com\/index.php\/wp-json\/wp\/v2\/pages\/582\/revisions\/2617"}],"wp:attachment":[{"href":"https:\/\/lebombecul.com\/index.php\/wp-json\/wp\/v2\/media?parent=582"}],"curies":[{"name":"wp","href":"https:\/\/api.w.org\/{rel}","templated":true}]}}